{"id":447,"date":"2021-02-07T16:46:02","date_gmt":"2021-02-07T16:46:02","guid":{"rendered":"https:\/\/coinge.es\/formacion\/mi-cuenta\/"},"modified":"2025-01-02T11:02:00","modified_gmt":"2025-01-02T11:02:00","slug":"mi-cuenta","status":"publish","type":"page","link":"https:\/\/coinge.es\/formacion\/mi-cuenta\/","title":{"rendered":"Mi cuenta"},"content":{"rendered":"\t\t<div data-elementor-type=\"wp-page\" data-elementor-id=\"447\" class=\"elementor elementor-447\" data-elementor-post-type=\"page\">\n\t\t\t\t<div class=\"elementor-element elementor-element-31724e94 e-flex e-con-boxed e-con e-parent\" data-id=\"31724e94\" data-element_type=\"container\">\n\t\t\t\t\t<div class=\"e-con-inner\">\n\t\t\t\t<div class=\"elementor-element elementor-element-c09b2f2 e-my-account-tabs-vertical elementor-widget elementor-widget-woocommerce-my-account\" data-id=\"c09b2f2\" data-element_type=\"widget\" data-settings=\"{&quot;forms_buttons_hover_animation&quot;:&quot;shrink&quot;,&quot;tables_button_hover_animation&quot;:&quot;shrink&quot;}\" data-widget_type=\"woocommerce-my-account.default\">\n\t\t\t\t\t<div class=\"e-my-account-tab e-my-account-tab__ \">\t\t\t<div class=\"woocommerce\"><\/div>\t\t<\/div>\n\t\t\t\t\t\t<\/div>\n\t\t\t\t\t<\/div>\n\t\t\t\t<\/div>\n\t\t\t\t<\/div>\n\t\t","protected":false},"excerpt":{"rendered":"<p>Mi cuenta Pedidos Descargas Direcci\u00f3n M\u00e9todos de pago Detalles de la cuenta Cerrar sesi\u00f3n Hola Lucas Gonz\u00e1lez (\u00bfno eres Lucas [&hellip;]<\/p>\n","protected":false},"author":1,"featured_media":1695,"parent":0,"menu_order":0,"comment_status":"closed","ping_status":"closed","template":"","meta":{"site-sidebar-layout":"default","site-content-layout":"","ast-site-content-layout":"default","site-content-style":"default","site-sidebar-style":"default","ast-global-header-display":"","ast-banner-title-visibility":"","ast-main-header-display":"","ast-hfb-above-header-display":"","ast-hfb-below-header-display":"","ast-hfb-mobile-header-display":"","site-post-title":"","ast-breadcrumbs-content":"","ast-featured-img":"","footer-sml-layout":"","theme-transparent-header-meta":"","adv-header-id-meta":"","stick-header-meta":"","header-above-stick-meta":"","header-main-stick-meta":"","header-below-stick-meta":"","astra-migrate-meta-layouts":"default","ast-page-background-enabled":"default","ast-page-background-meta":{"desktop":{"background-color":"var(--ast-global-color-4)","background-image":"","background-repeat":"repeat","background-position":"center center","background-size":"auto","background-attachment":"scroll","background-type":"","background-media":"","overlay-type":"","overlay-color":"","overlay-opacity":"","overlay-gradient":""},"tablet":{"background-color":"","background-image":"","background-repeat":"repeat","background-position":"center center","background-size":"auto","background-attachment":"scroll","background-type":"","background-media":"","overlay-type":"","overlay-color":"","overlay-opacity":"","overlay-gradient":""},"mobile":{"background-color":"","background-image":"","background-repeat":"repeat","background-position":"center center","background-size":"auto","background-attachment":"scroll","background-type":"","background-media":"","overlay-type":"","overlay-color":"","overlay-opacity":"","overlay-gradient":""}},"ast-content-background-meta":{"desktop":{"background-color":"var(--ast-global-color-5)","background-image":"","background-repeat":"repeat","background-position":"center center","background-size":"auto","background-attachment":"scroll","background-type":"","background-media":"","overlay-type":"","overlay-color":"","overlay-opacity":"","overlay-gradient":""},"tablet":{"background-color":"var(--ast-global-color-5)","background-image":"","background-repeat":"repeat","background-position":"center center","background-size":"auto","background-attachment":"scroll","background-type":"","background-media":"","overlay-type":"","overlay-color":"","overlay-opacity":"","overlay-gradient":""},"mobile":{"background-color":"var(--ast-global-color-5)","background-image":"","background-repeat":"repeat","background-position":"center center","background-size":"auto","background-attachment":"scroll","background-type":"","background-media":"","overlay-type":"","overlay-color":"","overlay-opacity":"","overlay-gradient":""}},"footnotes":""},"class_list":["post-447","page","type-page","status-publish","has-post-thumbnail","hentry"],"acf":[],"yoast_head":"<!-- This site is optimized with the Yoast SEO plugin v26.1.1 - https:\/\/yoast.com\/wordpress\/plugins\/seo\/ -->\n<title>\u2705Mi cuenta | COINGE Formaci\u00f3n\ud83e\udd47<\/title>\n<meta name=\"description\" content=\"\u2b50\u2b50\u2b50\u2b50\u2b50 Formaci\u00f3n para arquitectos, ingenieros, dise\u00f1adores, etc. Curso online de AutoCAD, Sketchup. Formaci\u00f3n personalizada y de calidad. \ud83e\udd47\" \/>\n<meta name=\"robots\" content=\"index, follow, max-snippet:-1, max-image-preview:large, max-video-preview:-1\" \/>\n<link rel=\"canonical\" href=\"https:\/\/coinge.es\/formacion\/mi-cuenta\/\" \/>\n<meta property=\"og:locale\" content=\"es_ES\" \/>\n<meta property=\"og:type\" content=\"article\" \/>\n<meta property=\"og:title\" content=\"\u2705Mi cuenta | COINGE Formaci\u00f3n\ud83e\udd47\" \/>\n<meta property=\"og:description\" content=\"\u2b50\u2b50\u2b50\u2b50\u2b50 Formaci\u00f3n para arquitectos, ingenieros, dise\u00f1adores, etc. Curso online de AutoCAD, Sketchup. Formaci\u00f3n personalizada y de calidad. \ud83e\udd47\" \/>\n<meta property=\"og:url\" content=\"https:\/\/coinge.es\/formacion\/mi-cuenta\/\" \/>\n<meta property=\"og:site_name\" content=\"COINGE Formacion\" \/>\n<meta property=\"article:publisher\" content=\"https:\/\/www.facebook.com\/Coingeingenieriayconsultoria\" \/>\n<meta property=\"article:modified_time\" content=\"2025-01-02T11:02:00+00:00\" \/>\n<meta property=\"og:image\" content=\"http:\/\/coinge.es\/formacion\/wp-content\/uploads\/2024\/12\/ar.png\" \/>\n\t<meta property=\"og:image:width\" content=\"1920\" \/>\n\t<meta property=\"og:image:height\" content=\"300\" \/>\n\t<meta property=\"og:image:type\" content=\"image\/png\" \/>\n<meta name=\"twitter:card\" content=\"summary_large_image\" \/>\n<meta name=\"twitter:site\" content=\"@CoingeC\" \/>\n<meta name=\"twitter:label1\" content=\"Tiempo de lectura\" \/>\n\t<meta name=\"twitter:data1\" content=\"2 minutos\" \/>\n<script type=\"application\/ld+json\" class=\"yoast-schema-graph\">{\"@context\":\"https:\/\/schema.org\",\"@graph\":[{\"@type\":\"WebPage\",\"@id\":\"https:\/\/coinge.es\/formacion\/mi-cuenta\/\",\"url\":\"https:\/\/coinge.es\/formacion\/mi-cuenta\/\",\"name\":\"\u2705Mi cuenta | COINGE Formaci\u00f3n\ud83e\udd47\",\"isPartOf\":{\"@id\":\"https:\/\/coinge.es\/formacion\/#website\"},\"primaryImageOfPage\":{\"@id\":\"https:\/\/coinge.es\/formacion\/mi-cuenta\/#primaryimage\"},\"image\":{\"@id\":\"https:\/\/coinge.es\/formacion\/mi-cuenta\/#primaryimage\"},\"thumbnailUrl\":\"https:\/\/coinge.es\/formacion\/wp-content\/uploads\/2024\/12\/ar.png\",\"datePublished\":\"2021-02-07T16:46:02+00:00\",\"dateModified\":\"2025-01-02T11:02:00+00:00\",\"description\":\"\u2b50\u2b50\u2b50\u2b50\u2b50 Formaci\u00f3n para arquitectos, ingenieros, dise\u00f1adores, etc. Curso online de AutoCAD, Sketchup. Formaci\u00f3n personalizada y de calidad. \ud83e\udd47\",\"breadcrumb\":{\"@id\":\"https:\/\/coinge.es\/formacion\/mi-cuenta\/#breadcrumb\"},\"inLanguage\":\"es\",\"potentialAction\":[{\"@type\":\"ReadAction\",\"target\":[\"https:\/\/coinge.es\/formacion\/mi-cuenta\/\"]}]},{\"@type\":\"ImageObject\",\"inLanguage\":\"es\",\"@id\":\"https:\/\/coinge.es\/formacion\/mi-cuenta\/#primaryimage\",\"url\":\"https:\/\/coinge.es\/formacion\/wp-content\/uploads\/2024\/12\/ar.png\",\"contentUrl\":\"https:\/\/coinge.es\/formacion\/wp-content\/uploads\/2024\/12\/ar.png\",\"width\":1920,\"height\":300},{\"@type\":\"BreadcrumbList\",\"@id\":\"https:\/\/coinge.es\/formacion\/mi-cuenta\/#breadcrumb\",\"itemListElement\":[{\"@type\":\"ListItem\",\"position\":1,\"name\":\"Portada\",\"item\":\"https:\/\/coinge.es\/formacion\/\"},{\"@type\":\"ListItem\",\"position\":2,\"name\":\"Mi cuenta\"}]},{\"@type\":\"WebSite\",\"@id\":\"https:\/\/coinge.es\/formacion\/#website\",\"url\":\"https:\/\/coinge.es\/formacion\/\",\"name\":\"COINGE Formacion\",\"description\":\"Formaci\u00f3n para Ingenieros y Arquitectos\",\"publisher\":{\"@id\":\"https:\/\/coinge.es\/formacion\/#organization\"},\"potentialAction\":[{\"@type\":\"SearchAction\",\"target\":{\"@type\":\"EntryPoint\",\"urlTemplate\":\"https:\/\/coinge.es\/formacion\/?s={search_term_string}\"},\"query-input\":{\"@type\":\"PropertyValueSpecification\",\"valueRequired\":true,\"valueName\":\"search_term_string\"}}],\"inLanguage\":\"es\"},{\"@type\":\"Organization\",\"@id\":\"https:\/\/coinge.es\/formacion\/#organization\",\"name\":\"COINGE FORMACION | Ingenier\u00eda y Consultor\u00eda\",\"url\":\"https:\/\/coinge.es\/formacion\/\",\"logo\":{\"@type\":\"ImageObject\",\"inLanguage\":\"es\",\"@id\":\"https:\/\/coinge.es\/formacion\/#\/schema\/logo\/image\/\",\"url\":\"https:\/\/coinge.es\/formacion\/wp-content\/uploads\/2021\/03\/COINGE-V_Formacion.jpg\",\"contentUrl\":\"https:\/\/coinge.es\/formacion\/wp-content\/uploads\/2021\/03\/COINGE-V_Formacion.jpg\",\"width\":1140,\"height\":879,\"caption\":\"COINGE FORMACION | Ingenier\u00eda y Consultor\u00eda\"},\"image\":{\"@id\":\"https:\/\/coinge.es\/formacion\/#\/schema\/logo\/image\/\"},\"sameAs\":[\"https:\/\/www.facebook.com\/Coingeingenieriayconsultoria\",\"https:\/\/x.com\/CoingeC\",\"https:\/\/www.instagram.com\/coinge_ingenieriayconsultoria\/\"]}]}<\/script>\n<!-- \/ Yoast SEO plugin. -->","yoast_head_json":{"title":"\u2705Mi cuenta | COINGE Formaci\u00f3n\ud83e\udd47","description":"\u2b50\u2b50\u2b50\u2b50\u2b50 Formaci\u00f3n para arquitectos, ingenieros, dise\u00f1adores, etc. Curso online de AutoCAD, Sketchup. Formaci\u00f3n personalizada y de calidad. \ud83e\udd47","robots":{"index":"index","follow":"follow","max-snippet":"max-snippet:-1","max-image-preview":"max-image-preview:large","max-video-preview":"max-video-preview:-1"},"canonical":"https:\/\/coinge.es\/formacion\/mi-cuenta\/","og_locale":"es_ES","og_type":"article","og_title":"\u2705Mi cuenta | COINGE Formaci\u00f3n\ud83e\udd47","og_description":"\u2b50\u2b50\u2b50\u2b50\u2b50 Formaci\u00f3n para arquitectos, ingenieros, dise\u00f1adores, etc. Curso online de AutoCAD, Sketchup. Formaci\u00f3n personalizada y de calidad. \ud83e\udd47","og_url":"https:\/\/coinge.es\/formacion\/mi-cuenta\/","og_site_name":"COINGE Formacion","article_publisher":"https:\/\/www.facebook.com\/Coingeingenieriayconsultoria","article_modified_time":"2025-01-02T11:02:00+00:00","og_image":[{"width":1920,"height":300,"url":"http:\/\/coinge.es\/formacion\/wp-content\/uploads\/2024\/12\/ar.png","type":"image\/png"}],"twitter_card":"summary_large_image","twitter_site":"@CoingeC","twitter_misc":{"Tiempo de lectura":"2 minutos"},"schema":{"@context":"https:\/\/schema.org","@graph":[{"@type":"WebPage","@id":"https:\/\/coinge.es\/formacion\/mi-cuenta\/","url":"https:\/\/coinge.es\/formacion\/mi-cuenta\/","name":"\u2705Mi cuenta | COINGE Formaci\u00f3n\ud83e\udd47","isPartOf":{"@id":"https:\/\/coinge.es\/formacion\/#website"},"primaryImageOfPage":{"@id":"https:\/\/coinge.es\/formacion\/mi-cuenta\/#primaryimage"},"image":{"@id":"https:\/\/coinge.es\/formacion\/mi-cuenta\/#primaryimage"},"thumbnailUrl":"https:\/\/coinge.es\/formacion\/wp-content\/uploads\/2024\/12\/ar.png","datePublished":"2021-02-07T16:46:02+00:00","dateModified":"2025-01-02T11:02:00+00:00","description":"\u2b50\u2b50\u2b50\u2b50\u2b50 Formaci\u00f3n para arquitectos, ingenieros, dise\u00f1adores, etc. Curso online de AutoCAD, Sketchup. Formaci\u00f3n personalizada y de calidad. \ud83e\udd47","breadcrumb":{"@id":"https:\/\/coinge.es\/formacion\/mi-cuenta\/#breadcrumb"},"inLanguage":"es","potentialAction":[{"@type":"ReadAction","target":["https:\/\/coinge.es\/formacion\/mi-cuenta\/"]}]},{"@type":"ImageObject","inLanguage":"es","@id":"https:\/\/coinge.es\/formacion\/mi-cuenta\/#primaryimage","url":"https:\/\/coinge.es\/formacion\/wp-content\/uploads\/2024\/12\/ar.png","contentUrl":"https:\/\/coinge.es\/formacion\/wp-content\/uploads\/2024\/12\/ar.png","width":1920,"height":300},{"@type":"BreadcrumbList","@id":"https:\/\/coinge.es\/formacion\/mi-cuenta\/#breadcrumb","itemListElement":[{"@type":"ListItem","position":1,"name":"Portada","item":"https:\/\/coinge.es\/formacion\/"},{"@type":"ListItem","position":2,"name":"Mi cuenta"}]},{"@type":"WebSite","@id":"https:\/\/coinge.es\/formacion\/#website","url":"https:\/\/coinge.es\/formacion\/","name":"COINGE Formacion","description":"Formaci\u00f3n para Ingenieros y Arquitectos","publisher":{"@id":"https:\/\/coinge.es\/formacion\/#organization"},"potentialAction":[{"@type":"SearchAction","target":{"@type":"EntryPoint","urlTemplate":"https:\/\/coinge.es\/formacion\/?s={search_term_string}"},"query-input":{"@type":"PropertyValueSpecification","valueRequired":true,"valueName":"search_term_string"}}],"inLanguage":"es"},{"@type":"Organization","@id":"https:\/\/coinge.es\/formacion\/#organization","name":"COINGE FORMACION | Ingenier\u00eda y Consultor\u00eda","url":"https:\/\/coinge.es\/formacion\/","logo":{"@type":"ImageObject","inLanguage":"es","@id":"https:\/\/coinge.es\/formacion\/#\/schema\/logo\/image\/","url":"https:\/\/coinge.es\/formacion\/wp-content\/uploads\/2021\/03\/COINGE-V_Formacion.jpg","contentUrl":"https:\/\/coinge.es\/formacion\/wp-content\/uploads\/2021\/03\/COINGE-V_Formacion.jpg","width":1140,"height":879,"caption":"COINGE FORMACION | Ingenier\u00eda y Consultor\u00eda"},"image":{"@id":"https:\/\/coinge.es\/formacion\/#\/schema\/logo\/image\/"},"sameAs":["https:\/\/www.facebook.com\/Coingeingenieriayconsultoria","https:\/\/x.com\/CoingeC","https:\/\/www.instagram.com\/coinge_ingenieriayconsultoria\/"]}]}},"_links":{"self":[{"href":"https:\/\/coinge.es\/formacion\/wp-json\/wp\/v2\/pages\/447","targetHints":{"allow":["GET"]}}],"collection":[{"href":"https:\/\/coinge.es\/formacion\/wp-json\/wp\/v2\/pages"}],"about":[{"href":"https:\/\/coinge.es\/formacion\/wp-json\/wp\/v2\/types\/page"}],"author":[{"embeddable":true,"href":"https:\/\/coinge.es\/formacion\/wp-json\/wp\/v2\/users\/1"}],"replies":[{"embeddable":true,"href":"https:\/\/coinge.es\/formacion\/wp-json\/wp\/v2\/comments?post=447"}],"version-history":[{"count":26,"href":"https:\/\/coinge.es\/formacion\/wp-json\/wp\/v2\/pages\/447\/revisions"}],"predecessor-version":[{"id":1891,"href":"https:\/\/coinge.es\/formacion\/wp-json\/wp\/v2\/pages\/447\/revisions\/1891"}],"wp:featuredmedia":[{"embeddable":true,"href":"https:\/\/coinge.es\/formacion\/wp-json\/wp\/v2\/media\/1695"}],"wp:attachment":[{"href":"https:\/\/coinge.es\/formacion\/wp-json\/wp\/v2\/media?parent=447"}],"curies":[{"name":"wp","href":"https:\/\/api.w.org\/{rel}","templated":true}]}}